{"id":228,"date":"2024-02-16T11:15:25","date_gmt":"2024-02-16T10:15:25","guid":{"rendered":"https:\/\/infs-af.edu.dz\/?page_id=228"},"modified":"2024-03-01T20:23:50","modified_gmt":"2024-03-01T19:23:50","slug":"aitali","status":"publish","type":"page","link":"https:\/\/infs-af.edu.dz\/?page_id=228","title":{"rendered":"\u0627\u0644\u062f\u0643\u062a\u0648\u0631 \u0622\u064a\u062a \u0639\u0644\u064a"},"content":{"rendered":"\n<figure class=\"wp-block-image alignright size-full is-resized\"><img loading=\"lazy\" decoding=\"async\" width=\"448\" height=\"592\" src=\"https:\/\/infs-af.edu.dz\/wp-content\/uploads\/2024\/03\/Ait_Ali_Yahia_Amar.jpg\" alt=\"\" class=\"wp-image-308\" style=\"width:188px;height:auto\" srcset=\"https:\/\/infs-af.edu.dz\/wp-content\/uploads\/2024\/03\/Ait_Ali_Yahia_Amar.jpg 448w, https:\/\/infs-af.edu.dz\/wp-content\/uploads\/2024\/03\/Ait_Ali_Yahia_Amar-227x300.jpg 227w\" sizes=\"auto, (max-width: 448px) 100vw, 448px\" \/><\/figure>\n\n\n\n<ul class=\"wp-block-list\">\n<li><a href=\"https:\/\/infs-af.edu.dz\/wp-content\/uploads\/2024\/03\/2.-Biomecanique_2019.pdf\"><strong>Biom\u00e9canique du sport<\/strong><br><\/a>Ann\u00e9e Universitaire : 2018-2019<\/li>\n\n\n\n<li><a href=\"https:\/\/infs-af.edu.dz\/wp-content\/uploads\/2024\/03\/1.-Biochimie_2019.pdf\"><strong>Biochimie du Sport<\/strong><br><\/a>Ann\u00e9e Universitaire : 2018-2019<\/li>\n\n\n\n<li><a href=\"https:\/\/infs-af.edu.dz\/wp-content\/uploads\/2024\/03\/6.-These_2015.pdf\"><strong>TH\u00c8SE DE DOCTORAT : pour l\u2019obtention du grade de Docteur en APS Option : Entra\u00eenement Sportif<\/strong> <strong>La performance sportive du combat de judo aux Jeux Olympiques comme cadre r\u00e9f\u00e9rentiel du savoir-faire et du savoir d\u00e9cisionnel des judokas de haut niveau.<\/strong><br><\/a>Ann\u00e9e Universitaire : 2014-2015<\/li>\n\n\n\n<li><a href=\"https:\/\/infs-af.edu.dz\/wp-content\/uploads\/2024\/03\/3.-TMR_2020.pdf\"><strong>Th\u00e9orie et M\u00e9thodologie de la Recherche<\/strong><br><\/a>Ann\u00e9e Universitaire : 2019-2020<\/li>\n\n\n\n<li><a href=\"https:\/\/infs-af.edu.dz\/wp-content\/uploads\/2024\/03\/4.-Judo_2021.pdf\"><strong>Th\u00e9orie et M\u00e9thodologie de la Sp\u00e9cialit\u00e9 Judo<\/strong><br><\/a>Ann\u00e9e Universitaire : 2020-2021<\/li>\n\n\n\n<li><a href=\"https:\/\/infs-af.edu.dz\/wp-content\/uploads\/2024\/03\/5.-Judo_2022.pdf\"><strong>Th\u00e9orie et M\u00e9thodologie de la Sp\u00e9cialit\u00e9 Judo<\/strong><br><\/a>Ann\u00e9e Universitaire : 2021-2022<\/li>\n<\/ul>\n","protected":false},"excerpt":{"rendered":"","protected":false},"author":1,"featured_media":0,"parent":0,"menu_order":0,"comment_status":"closed","ping_status":"closed","template":"","meta":{"site-container-style":"default","site-container-layout":"default","site-sidebar-layout":"default","site-transparent-header":"default","disable-article-header":"default","disable-site-header":"default","disable-site-footer":"default","disable-content-area-spacing":"default","footnotes":""},"class_list":["post-228","page","type-page","status-publish","hentry"],"_links":{"self":[{"href":"https:\/\/infs-af.edu.dz\/index.php?rest_route=\/wp\/v2\/pages\/228","targetHints":{"allow":["GET"]}}],"collection":[{"href":"https:\/\/infs-af.edu.dz\/index.php?rest_route=\/wp\/v2\/pages"}],"about":[{"href":"https:\/\/infs-af.edu.dz\/index.php?rest_route=\/wp\/v2\/types\/page"}],"author":[{"embeddable":true,"href":"https:\/\/infs-af.edu.dz\/index.php?rest_route=\/wp\/v2\/users\/1"}],"replies":[{"embeddable":true,"href":"https:\/\/infs-af.edu.dz\/index.php?rest_route=%2Fwp%2Fv2%2Fcomments&post=228"}],"version-history":[{"count":4,"href":"https:\/\/infs-af.edu.dz\/index.php?rest_route=\/wp\/v2\/pages\/228\/revisions"}],"predecessor-version":[{"id":411,"href":"https:\/\/infs-af.edu.dz\/index.php?rest_route=\/wp\/v2\/pages\/228\/revisions\/411"}],"wp:attachment":[{"href":"https:\/\/infs-af.edu.dz\/index.php?rest_route=%2Fwp%2Fv2%2Fmedia&parent=228"}],"curies":[{"name":"wp","href":"https:\/\/api.w.org\/{rel}","templated":true}]}}